{"id":3037,"date":"2023-09-05T14:36:52","date_gmt":"2023-09-05T12:36:52","guid":{"rendered":"https:\/\/www.herbesalvatges.com\/granollers\/"},"modified":"2024-10-02T15:49:45","modified_gmt":"2024-10-02T13:49:45","slug":"granollers","status":"publish","type":"page","link":"https:\/\/www.herbesalvatges.com\/es\/granollers\/","title":{"rendered":"Granollers"},"content":{"rendered":"\t\t<div data-elementor-type=\"wp-page\" data-elementor-id=\"3037\" class=\"elementor elementor-3037 elementor-2588\">\n\t\t\t\t\t\t<section class=\"elementor-section elementor-top-section elementor-element elementor-element-3b6c15f elementor-section-boxed elementor-section-height-default elementor-section-height-default parallax_section_no qode_elementor_container_no\" data-id=\"3b6c15f\" data-element_type=\"section\">\n\t\t\t\t\t\t<div class=\"elementor-container elementor-column-gap-default\">\n\t\t\t\t\t<div class=\"elementor-column elementor-col-100 elementor-top-column elementor-element elementor-element-9f1ba6f\" data-id=\"9f1ba6f\" data-element_type=\"column\">\n\t\t\t<div class=\"elementor-widget-wrap elementor-element-populated\">\n\t\t\t\t\t\t<div class=\"elementor-element elementor-element-cd1f740 elementor-widget elementor-widget-heading\" data-id=\"cd1f740\" data-element_type=\"widget\" data-widget_type=\"heading.default\">\n\t\t\t\t<div class=\"elementor-widget-container\">\n\t\t\t\t\t<h1 class=\"elementor-heading-title elementor-size-default\">Salut Conscient en Granollers<\/h1>\t\t\t\t<\/div>\n\t\t\t\t<\/div>\n\t\t\t\t<div class=\"elementor-element elementor-element-208ba9e elementor-widget elementor-widget-text-editor\" data-id=\"208ba9e\" data-element_type=\"widget\" data-widget_type=\"text-editor.default\">\n\t\t\t\t<div class=\"elementor-widget-container\">\n\t\t\t\t\t\t\t\t\t<p>Te invitamos a conocer nuestro espacio <strong>Salut Conscient en Granollers<\/strong>, tu refugio de bienestar en el coraz\u00f3n de Granollers.<\/p>\n\t\t\t\t\t\t\t\t<\/div>\n\t\t\t\t<\/div>\n\t\t\t\t<div class=\"elementor-element elementor-element-c7953c3 elementor-widget elementor-widget-text-editor\" data-id=\"c7953c3\" data-element_type=\"widget\" data-widget_type=\"text-editor.default\">\n\t\t\t\t<div class=\"elementor-widget-container\">\n\t\t\t\t\t\t\t\t\t<p>En nuestro centro, estamos comprometidos con tu salud integral, ofreciendo una gama completa de servicios personalizados que abordan tanto la nutrici\u00f3n como el bienestar.<\/p>\n\t\t\t\t\t\t\t\t<\/div>\n\t\t\t\t<\/div>\n\t\t\t\t<div class=\"elementor-element elementor-element-e6617cb elementor-widget elementor-widget-text-editor\" data-id=\"e6617cb\" data-element_type=\"widget\" data-widget_type=\"text-editor.default\">\n\t\t\t\t<div class=\"elementor-widget-container\">\n\t\t\t\t\t\t\t\t\t<p>Nuestros <strong>dietistas y nutricionistas altamente calificados<\/strong> est\u00e1n listos para guiar tu viaje hacia una alimentaci\u00f3n saludable y equilibrada. Entendemos que cada persona es \u00fanica, por lo que dise\u00f1amos planes de alimentaci\u00f3n a medida que se adapten a tus necesidades, objetivos y preferencias. Desde la p\u00e9rdida de peso hasta la gesti\u00f3n de dolencias espec\u00edficas, estamos aqu\u00ed para brindarte el apoyo necesario para lograr tus metas de salud.  <\/p>\n\t\t\t\t\t\t\t\t<\/div>\n\t\t\t\t<\/div>\n\t\t\t\t<div class=\"elementor-element elementor-element-9c599ab elementor-widget elementor-widget-text-editor\" data-id=\"9c599ab\" data-element_type=\"widget\" data-widget_type=\"text-editor.default\">\n\t\t\t\t<div class=\"elementor-widget-container\">\n\t\t\t\t\t\t\t\t\t<p>Adem\u00e1s, en Salutconscient, comprendemos que la salud emocional es igual de importante, ofrecemos tratamientos personalizados para la ansiedad que te ayudar\u00e1n a recuperar el equilibrio emocional. Nuestros profesionales te ofrecer\u00e1n un espacio seguro para hablar sobre tus preocupaciones, aprender t\u00e9cnicas de manejo del estr\u00e9s y trabajar juntos para superar los desaf\u00edos emocionales. <\/p>\n\t\t\t\t\t\t\t\t<\/div>\n\t\t\t\t<\/div>\n\t\t\t\t\t<\/div>\n\t\t<\/div>\n\t\t\t\t\t<\/div>\n\t\t<\/section>\n\t\t\t\t<section class=\"elementor-section elementor-top-section elementor-element elementor-element-8af4b94 elementor-section-boxed elementor-section-height-default elementor-section-height-default parallax_section_no qode_elementor_container_no\" data-id=\"8af4b94\" data-element_type=\"section\">\n\t\t\t\t\t\t<div class=\"elementor-container elementor-column-gap-default\">\n\t\t\t\t\t<div class=\"elementor-column elementor-col-100 elementor-top-column elementor-element elementor-element-299c922\" data-id=\"299c922\" data-element_type=\"column\" data-settings=\"{&quot;background_background&quot;:&quot;classic&quot;}\">\n\t\t\t<div class=\"elementor-widget-wrap elementor-element-populated\">\n\t\t\t\t\t\t<div class=\"elementor-element elementor-element-381d897 elementor-widget elementor-widget-spacer\" data-id=\"381d897\" data-element_type=\"widget\" data-widget_type=\"spacer.default\">\n\t\t\t\t<div class=\"elementor-widget-container\">\n\t\t\t\t\t\t\t<div class=\"elementor-spacer\">\n\t\t\t<div class=\"elementor-spacer-inner\"><\/div>\n\t\t<\/div>\n\t\t\t\t\t\t<\/div>\n\t\t\t\t<\/div>\n\t\t\t\t<div class=\"elementor-element elementor-element-2b30ffc elementor-widget elementor-widget-heading\" data-id=\"2b30ffc\" data-element_type=\"widget\" data-widget_type=\"heading.default\">\n\t\t\t\t<div class=\"elementor-widget-container\">\n\t\t\t\t\t<h2 class=\"elementor-heading-title elementor-size-default\">Nuestros servicios<\/h2>\t\t\t\t<\/div>\n\t\t\t\t<\/div>\n\t\t\t\t<div class=\"elementor-element elementor-element-9a37bfc elementor-widget elementor-widget-heading\" data-id=\"9a37bfc\" data-element_type=\"widget\" data-widget_type=\"heading.default\">\n\t\t\t\t<div class=\"elementor-widget-container\">\n\t\t\t\t\t<p class=\"elementor-heading-title elementor-size-default\">Ya sea que est\u00e9s buscando mejorar tu salud a trav\u00e9s de la nutrici\u00f3n, manejar la ansiedad o simplemente encontrar un lugar donde te cuiden, Salutconscient en Granollers es tu destino de bienestar. Los consejos de nuestros profesionales y un complemento de productos naturales te ayudar\u00e1n a alcanzar tus objetivos. <\/p>\t\t\t\t<\/div>\n\t\t\t\t<\/div>\n\t\t\t\t<section class=\"elementor-section elementor-inner-section elementor-element elementor-element-986e9b5 elementor-section-boxed elementor-section-height-default elementor-section-height-default parallax_section_no qode_elementor_container_no\" data-id=\"986e9b5\" data-element_type=\"section\">\n\t\t\t\t\t\t<div class=\"elementor-container elementor-column-gap-default\">\n\t\t\t\t\t<div class=\"elementor-column elementor-col-33 elementor-inner-column elementor-element elementor-element-6cc3895\" data-id=\"6cc3895\" data-element_type=\"column\">\n\t\t\t<div class=\"elementor-widget-wrap elementor-element-populated\">\n\t\t\t\t\t\t<div class=\"elementor-element elementor-element-4032374 elementor-widget elementor-widget-image\" data-id=\"4032374\" data-element_type=\"widget\" data-widget_type=\"image.default\">\n\t\t\t\t<div class=\"elementor-widget-container\">\n\t\t\t\t\t\t\t\t\t\t\t\t\t\t\t<img fetchpriority=\"high\" decoding=\"async\" width=\"241\" height=\"330\" src=\"https:\/\/www.herbesalvatges.com\/wp-content\/uploads\/2022\/10\/ico-fulla.jpg\" class=\"attachment-full size-full wp-image-1876\" alt=\"Suplementaci\u00f3 per la teva salut\" srcset=\"https:\/\/www.herbesalvatges.com\/wp-content\/uploads\/2022\/10\/ico-fulla.jpg 241w, https:\/\/www.herbesalvatges.com\/wp-content\/uploads\/2022\/10\/ico-fulla-219x300.jpg 219w\" sizes=\"(max-width: 241px) 100vw, 241px\" \/>\t\t\t\t\t\t\t\t\t\t\t\t\t\t\t<\/div>\n\t\t\t\t<\/div>\n\t\t\t\t<div class=\"elementor-element elementor-element-092d754 elementor-widget elementor-widget-heading\" data-id=\"092d754\" data-element_type=\"widget\" data-widget_type=\"heading.default\">\n\t\t\t\t<div class=\"elementor-widget-container\">\n\t\t\t\t\t<p class=\"elementor-heading-title elementor-size-default\">Dietistas<\/p>\t\t\t\t<\/div>\n\t\t\t\t<\/div>\n\t\t\t\t\t<\/div>\n\t\t<\/div>\n\t\t\t\t<div class=\"elementor-column elementor-col-33 elementor-inner-column elementor-element elementor-element-27772b5\" data-id=\"27772b5\" data-element_type=\"column\">\n\t\t\t<div class=\"elementor-widget-wrap elementor-element-populated\">\n\t\t\t\t\t\t<div class=\"elementor-element elementor-element-01d2daa elementor-widget elementor-widget-image\" data-id=\"01d2daa\" data-element_type=\"widget\" data-widget_type=\"image.default\">\n\t\t\t\t<div class=\"elementor-widget-container\">\n\t\t\t\t\t\t\t\t\t\t\t\t\t\t\t<img decoding=\"async\" width=\"241\" height=\"330\" src=\"https:\/\/www.herbesalvatges.com\/wp-content\/uploads\/2022\/10\/ico-yoga.jpg\" class=\"attachment-full size-full wp-image-1875\" alt=\"Tallers i recursos de benestar\" srcset=\"https:\/\/www.herbesalvatges.com\/wp-content\/uploads\/2022\/10\/ico-yoga.jpg 241w, https:\/\/www.herbesalvatges.com\/wp-content\/uploads\/2022\/10\/ico-yoga-219x300.jpg 219w\" sizes=\"(max-width: 241px) 100vw, 241px\" \/>\t\t\t\t\t\t\t\t\t\t\t\t\t\t\t<\/div>\n\t\t\t\t<\/div>\n\t\t\t\t<div class=\"elementor-element elementor-element-eeb41d9 elementor-widget elementor-widget-heading\" data-id=\"eeb41d9\" data-element_type=\"widget\" data-widget_type=\"heading.default\">\n\t\t\t\t<div class=\"elementor-widget-container\">\n\t\t\t\t\t<p class=\"elementor-heading-title elementor-size-default\">Gesti\u00f3n Ansiedad<\/p>\t\t\t\t<\/div>\n\t\t\t\t<\/div>\n\t\t\t\t\t<\/div>\n\t\t<\/div>\n\t\t\t\t<div class=\"elementor-column elementor-col-33 elementor-inner-column elementor-element elementor-element-849991f\" data-id=\"849991f\" data-element_type=\"column\">\n\t\t\t<div class=\"elementor-widget-wrap elementor-element-populated\">\n\t\t\t\t\t\t<div class=\"elementor-element elementor-element-0fb3b61 elementor-widget elementor-widget-image\" data-id=\"0fb3b61\" data-element_type=\"widget\" data-widget_type=\"image.default\">\n\t\t\t\t<div class=\"elementor-widget-container\">\n\t\t\t\t\t\t\t\t\t\t\t\t\t\t\t<img decoding=\"async\" width=\"241\" height=\"330\" src=\"https:\/\/www.herbesalvatges.com\/wp-content\/uploads\/2022\/10\/ico-fruta.jpg\" class=\"attachment-full size-full wp-image-1877\" alt=\"Alimentaci\u00f3 conscient\" srcset=\"https:\/\/www.herbesalvatges.com\/wp-content\/uploads\/2022\/10\/ico-fruta.jpg 241w, https:\/\/www.herbesalvatges.com\/wp-content\/uploads\/2022\/10\/ico-fruta-219x300.jpg 219w\" sizes=\"(max-width: 241px) 100vw, 241px\" \/>\t\t\t\t\t\t\t\t\t\t\t\t\t\t\t<\/div>\n\t\t\t\t<\/div>\n\t\t\t\t<div class=\"elementor-element elementor-element-fd9702e elementor-widget elementor-widget-heading\" data-id=\"fd9702e\" data-element_type=\"widget\" data-widget_type=\"heading.default\">\n\t\t\t\t<div class=\"elementor-widget-container\">\n\t\t\t\t\t<p class=\"elementor-heading-title elementor-size-default\">Nutricionista<\/p>\t\t\t\t<\/div>\n\t\t\t\t<\/div>\n\t\t\t\t\t<\/div>\n\t\t<\/div>\n\t\t\t\t\t<\/div>\n\t\t<\/section>\n\t\t\t\t<div class=\"elementor-element elementor-element-f9ef46c elementor-widget elementor-widget-spacer\" data-id=\"f9ef46c\" data-element_type=\"widget\" data-widget_type=\"spacer.default\">\n\t\t\t\t<div class=\"elementor-widget-container\">\n\t\t\t\t\t\t\t<div class=\"elementor-spacer\">\n\t\t\t<div class=\"elementor-spacer-inner\"><\/div>\n\t\t<\/div>\n\t\t\t\t\t\t<\/div>\n\t\t\t\t<\/div>\n\t\t\t\t\t<\/div>\n\t\t<\/div>\n\t\t\t\t\t<\/div>\n\t\t<\/section>\n\t\t\t\t<section class=\"elementor-section elementor-top-section elementor-element elementor-element-245ee61 elementor-section-boxed elementor-section-height-default elementor-section-height-default parallax_section_no qode_elementor_container_no\" data-id=\"245ee61\" data-element_type=\"section\" data-settings=\"{&quot;background_background&quot;:&quot;classic&quot;}\">\n\t\t\t\t\t\t<div class=\"elementor-container elementor-column-gap-default\">\n\t\t\t\t\t<div class=\"elementor-column elementor-col-100 elementor-top-column elementor-element elementor-element-bb0817f\" data-id=\"bb0817f\" data-element_type=\"column\">\n\t\t\t<div class=\"elementor-widget-wrap elementor-element-populated\">\n\t\t\t\t\t\t<div class=\"elementor-element elementor-element-317db56 elementor-widget elementor-widget-heading\" data-id=\"317db56\" data-element_type=\"widget\" data-widget_type=\"heading.default\">\n\t\t\t\t<div class=\"elementor-widget-container\">\n\t\t\t\t\t<h2 class=\"elementor-heading-title elementor-size-default\">Contacta con nosotros<\/h2>\t\t\t\t<\/div>\n\t\t\t\t<\/div>\n\t\t\t\t<div class=\"elementor-element elementor-element-7c3bfff elementor-widget elementor-widget-text-editor\" data-id=\"7c3bfff\" data-element_type=\"widget\" data-widget_type=\"text-editor.default\">\n\t\t\t\t<div class=\"elementor-widget-container\">\n\t\t\t\t\t\t\t\t\t<p>\u00a1Ven y descubre c\u00f3mo podemos ayudarte a alcanzar tu mejor versi\u00f3n!<\/p>\n\t\t\t\t\t\t\t\t<\/div>\n\t\t\t\t<\/div>\n\t\t\t\t<div class=\"elementor-element elementor-element-c5a86c0 elementor-widget elementor-widget-spacer\" data-id=\"c5a86c0\" data-element_type=\"widget\" data-widget_type=\"spacer.default\">\n\t\t\t\t<div class=\"elementor-widget-container\">\n\t\t\t\t\t\t\t<div class=\"elementor-spacer\">\n\t\t\t<div class=\"elementor-spacer-inner\"><\/div>\n\t\t<\/div>\n\t\t\t\t\t\t<\/div>\n\t\t\t\t<\/div>\n\t\t\t\t<div class=\"elementor-element elementor-element-277ba8b elementor-widget__width-auto elementor-widget elementor-widget-bridge_button\" data-id=\"277ba8b\" data-element_type=\"widget\" data-widget_type=\"bridge_button.default\">\n\t\t\t\t<div class=\"elementor-widget-container\">\n\t\t\t\t\t<a  itemprop=\"url\" href=\"https:\/\/www.herbesalvatges.com\/es\/contacto\" target=\"_self\"  class=\"qbutton  default\" style=\"\">Contactar<\/a>\t\t\t\t<\/div>\n\t\t\t\t<\/div>\n\t\t\t\t\t<\/div>\n\t\t<\/div>\n\t\t\t\t\t<\/div>\n\t\t<\/section>\n\t\t\t\t<\/div>\n\t\t","protected":false},"excerpt":{"rendered":"<p>Salut Conscient en Granollers Te invitamos a conocer nuestro espacio Salut Conscient en Granollers, tu refugio de bienestar en el coraz\u00f3n de Granollers. En nuestro&#8230;<\/p>\n","protected":false},"author":1,"featured_media":0,"parent":0,"menu_order":0,"comment_status":"closed","ping_status":"closed","template":"","meta":{"_monsterinsights_skip_tracking":false,"_monsterinsights_sitenote_active":false,"_monsterinsights_sitenote_note":"","_monsterinsights_sitenote_category":0,"_joinchat":[],"footnotes":""},"class_list":["post-3037","page","type-page","status-publish","hentry"],"yoast_head":"<!-- This site is optimized with the Yoast SEO plugin v26.5 - https:\/\/yoast.com\/wordpress\/plugins\/seo\/ -->\n<title>Granollers - Herbes Salvatges<\/title>\n<meta name=\"robots\" content=\"index, follow, max-snippet:-1, max-image-preview:large, max-video-preview:-1\" \/>\n<link rel=\"canonical\" href=\"https:\/\/www.herbesalvatges.com\/es\/granollers\/\" \/>\n<meta property=\"og:locale\" content=\"es_ES\" \/>\n<meta property=\"og:type\" content=\"article\" \/>\n<meta property=\"og:title\" content=\"Granollers - Herbes Salvatges\" \/>\n<meta property=\"og:description\" content=\"Salut Conscient en Granollers Te invitamos a conocer nuestro espacio Salut Conscient en Granollers, tu refugio de bienestar en el coraz\u00f3n de Granollers. En nuestro...\" \/>\n<meta property=\"og:url\" content=\"https:\/\/www.herbesalvatges.com\/es\/granollers\/\" \/>\n<meta property=\"og:site_name\" content=\"Herbes Salvatges\" \/>\n<meta property=\"article:modified_time\" content=\"2024-10-02T13:49:45+00:00\" \/>\n<meta property=\"og:image\" content=\"https:\/\/www.herbesalvatges.com\/wp-content\/uploads\/2022\/10\/ico-fulla.jpg\" \/>\n<meta name=\"twitter:card\" content=\"summary_large_image\" \/>\n<meta name=\"twitter:label1\" content=\"Tiempo de lectura\" \/>\n\t<meta name=\"twitter:data1\" content=\"2 minutos\" \/>\n<script type=\"application\/ld+json\" class=\"yoast-schema-graph\">{\"@context\":\"https:\/\/schema.org\",\"@graph\":[{\"@type\":\"WebPage\",\"@id\":\"https:\/\/www.herbesalvatges.com\/es\/granollers\/\",\"url\":\"https:\/\/www.herbesalvatges.com\/es\/granollers\/\",\"name\":\"Granollers - Herbes Salvatges\",\"isPartOf\":{\"@id\":\"https:\/\/www.herbesalvatges.com\/es\/#website\"},\"primaryImageOfPage\":{\"@id\":\"https:\/\/www.herbesalvatges.com\/es\/granollers\/#primaryimage\"},\"image\":{\"@id\":\"https:\/\/www.herbesalvatges.com\/es\/granollers\/#primaryimage\"},\"thumbnailUrl\":\"https:\/\/www.herbesalvatges.com\/wp-content\/uploads\/2022\/10\/ico-fulla.jpg\",\"datePublished\":\"2023-09-05T12:36:52+00:00\",\"dateModified\":\"2024-10-02T13:49:45+00:00\",\"breadcrumb\":{\"@id\":\"https:\/\/www.herbesalvatges.com\/es\/granollers\/#breadcrumb\"},\"inLanguage\":\"es\",\"potentialAction\":[{\"@type\":\"ReadAction\",\"target\":[\"https:\/\/www.herbesalvatges.com\/es\/granollers\/\"]}]},{\"@type\":\"ImageObject\",\"inLanguage\":\"es\",\"@id\":\"https:\/\/www.herbesalvatges.com\/es\/granollers\/#primaryimage\",\"url\":\"https:\/\/www.herbesalvatges.com\/wp-content\/uploads\/2022\/10\/ico-fulla.jpg\",\"contentUrl\":\"https:\/\/www.herbesalvatges.com\/wp-content\/uploads\/2022\/10\/ico-fulla.jpg\"},{\"@type\":\"BreadcrumbList\",\"@id\":\"https:\/\/www.herbesalvatges.com\/es\/granollers\/#breadcrumb\",\"itemListElement\":[{\"@type\":\"ListItem\",\"position\":1,\"name\":\"Home\",\"item\":\"https:\/\/www.herbesalvatges.com\/es\/espacio-terapeutico-para-mejorar-tu-bienestar\/\"},{\"@type\":\"ListItem\",\"position\":2,\"name\":\"Granollers\"}]},{\"@type\":\"WebSite\",\"@id\":\"https:\/\/www.herbesalvatges.com\/es\/#website\",\"url\":\"https:\/\/www.herbesalvatges.com\/es\/\",\"name\":\"Salut Conscient\",\"description\":\"Espai terap\u00e8utic per millorar el teu benestar amb Naturopatia, alimentaci\u00f3 conscient i suplementaci\u00f3 natural.\",\"publisher\":{\"@id\":\"https:\/\/www.herbesalvatges.com\/es\/#organization\"},\"potentialAction\":[{\"@type\":\"SearchAction\",\"target\":{\"@type\":\"EntryPoint\",\"urlTemplate\":\"https:\/\/www.herbesalvatges.com\/es\/?s={search_term_string}\"},\"query-input\":{\"@type\":\"PropertyValueSpecification\",\"valueRequired\":true,\"valueName\":\"search_term_string\"}}],\"inLanguage\":\"es\"},{\"@type\":\"Organization\",\"@id\":\"https:\/\/www.herbesalvatges.com\/es\/#organization\",\"name\":\"Salut Conscient\",\"url\":\"https:\/\/www.herbesalvatges.com\/es\/\",\"logo\":{\"@type\":\"ImageObject\",\"inLanguage\":\"es\",\"@id\":\"https:\/\/www.herbesalvatges.com\/es\/#\/schema\/logo\/image\/\",\"url\":\"https:\/\/www.herbesalvatges.com\/wp-content\/uploads\/2022\/10\/logo-txell.png\",\"contentUrl\":\"https:\/\/www.herbesalvatges.com\/wp-content\/uploads\/2022\/10\/logo-txell.png\",\"width\":866,\"height\":102,\"caption\":\"Salut Conscient\"},\"image\":{\"@id\":\"https:\/\/www.herbesalvatges.com\/es\/#\/schema\/logo\/image\/\"}}]}<\/script>\n<!-- \/ Yoast SEO plugin. -->","yoast_head_json":{"title":"Granollers - Herbes Salvatges","robots":{"index":"index","follow":"follow","max-snippet":"max-snippet:-1","max-image-preview":"max-image-preview:large","max-video-preview":"max-video-preview:-1"},"canonical":"https:\/\/www.herbesalvatges.com\/es\/granollers\/","og_locale":"es_ES","og_type":"article","og_title":"Granollers - Herbes Salvatges","og_description":"Salut Conscient en Granollers Te invitamos a conocer nuestro espacio Salut Conscient en Granollers, tu refugio de bienestar en el coraz\u00f3n de Granollers. En nuestro...","og_url":"https:\/\/www.herbesalvatges.com\/es\/granollers\/","og_site_name":"Herbes Salvatges","article_modified_time":"2024-10-02T13:49:45+00:00","og_image":[{"url":"https:\/\/www.herbesalvatges.com\/wp-content\/uploads\/2022\/10\/ico-fulla.jpg","type":"","width":"","height":""}],"twitter_card":"summary_large_image","twitter_misc":{"Tiempo de lectura":"2 minutos"},"schema":{"@context":"https:\/\/schema.org","@graph":[{"@type":"WebPage","@id":"https:\/\/www.herbesalvatges.com\/es\/granollers\/","url":"https:\/\/www.herbesalvatges.com\/es\/granollers\/","name":"Granollers - Herbes Salvatges","isPartOf":{"@id":"https:\/\/www.herbesalvatges.com\/es\/#website"},"primaryImageOfPage":{"@id":"https:\/\/www.herbesalvatges.com\/es\/granollers\/#primaryimage"},"image":{"@id":"https:\/\/www.herbesalvatges.com\/es\/granollers\/#primaryimage"},"thumbnailUrl":"https:\/\/www.herbesalvatges.com\/wp-content\/uploads\/2022\/10\/ico-fulla.jpg","datePublished":"2023-09-05T12:36:52+00:00","dateModified":"2024-10-02T13:49:45+00:00","breadcrumb":{"@id":"https:\/\/www.herbesalvatges.com\/es\/granollers\/#breadcrumb"},"inLanguage":"es","potentialAction":[{"@type":"ReadAction","target":["https:\/\/www.herbesalvatges.com\/es\/granollers\/"]}]},{"@type":"ImageObject","inLanguage":"es","@id":"https:\/\/www.herbesalvatges.com\/es\/granollers\/#primaryimage","url":"https:\/\/www.herbesalvatges.com\/wp-content\/uploads\/2022\/10\/ico-fulla.jpg","contentUrl":"https:\/\/www.herbesalvatges.com\/wp-content\/uploads\/2022\/10\/ico-fulla.jpg"},{"@type":"BreadcrumbList","@id":"https:\/\/www.herbesalvatges.com\/es\/granollers\/#breadcrumb","itemListElement":[{"@type":"ListItem","position":1,"name":"Home","item":"https:\/\/www.herbesalvatges.com\/es\/espacio-terapeutico-para-mejorar-tu-bienestar\/"},{"@type":"ListItem","position":2,"name":"Granollers"}]},{"@type":"WebSite","@id":"https:\/\/www.herbesalvatges.com\/es\/#website","url":"https:\/\/www.herbesalvatges.com\/es\/","name":"Salut Conscient","description":"Espai terap\u00e8utic per millorar el teu benestar amb Naturopatia, alimentaci\u00f3 conscient i suplementaci\u00f3 natural.","publisher":{"@id":"https:\/\/www.herbesalvatges.com\/es\/#organization"},"potentialAction":[{"@type":"SearchAction","target":{"@type":"EntryPoint","urlTemplate":"https:\/\/www.herbesalvatges.com\/es\/?s={search_term_string}"},"query-input":{"@type":"PropertyValueSpecification","valueRequired":true,"valueName":"search_term_string"}}],"inLanguage":"es"},{"@type":"Organization","@id":"https:\/\/www.herbesalvatges.com\/es\/#organization","name":"Salut Conscient","url":"https:\/\/www.herbesalvatges.com\/es\/","logo":{"@type":"ImageObject","inLanguage":"es","@id":"https:\/\/www.herbesalvatges.com\/es\/#\/schema\/logo\/image\/","url":"https:\/\/www.herbesalvatges.com\/wp-content\/uploads\/2022\/10\/logo-txell.png","contentUrl":"https:\/\/www.herbesalvatges.com\/wp-content\/uploads\/2022\/10\/logo-txell.png","width":866,"height":102,"caption":"Salut Conscient"},"image":{"@id":"https:\/\/www.herbesalvatges.com\/es\/#\/schema\/logo\/image\/"}}]}},"_links":{"self":[{"href":"https:\/\/www.herbesalvatges.com\/es\/wp-json\/wp\/v2\/pages\/3037","targetHints":{"allow":["GET"]}}],"collection":[{"href":"https:\/\/www.herbesalvatges.com\/es\/wp-json\/wp\/v2\/pages"}],"about":[{"href":"https:\/\/www.herbesalvatges.com\/es\/wp-json\/wp\/v2\/types\/page"}],"author":[{"embeddable":true,"href":"https:\/\/www.herbesalvatges.com\/es\/wp-json\/wp\/v2\/users\/1"}],"replies":[{"embeddable":true,"href":"https:\/\/www.herbesalvatges.com\/es\/wp-json\/wp\/v2\/comments?post=3037"}],"version-history":[{"count":6,"href":"https:\/\/www.herbesalvatges.com\/es\/wp-json\/wp\/v2\/pages\/3037\/revisions"}],"predecessor-version":[{"id":3274,"href":"https:\/\/www.herbesalvatges.com\/es\/wp-json\/wp\/v2\/pages\/3037\/revisions\/3274"}],"wp:attachment":[{"href":"https:\/\/www.herbesalvatges.com\/es\/wp-json\/wp\/v2\/media?parent=3037"}],"curies":[{"name":"wp","href":"https:\/\/api.w.org\/{rel}","templated":true}]}}